{"id":80,"date":"2026-02-17T18:00:16","date_gmt":"2026-02-17T18:00:16","guid":{"rendered":"https:\/\/motspourmaux.be\/?page_id=80"},"modified":"2026-02-18T08:51:35","modified_gmt":"2026-02-18T08:51:35","slug":"elementor-80","status":"publish","type":"page","link":"https:\/\/motspourmaux.be\/","title":{"rendered":"Accueil"},"content":{"rendered":"\t\t<div data-elementor-type=\"wp-page\" data-elementor-id=\"80\" class=\"elementor elementor-80\" data-elementor-post-type=\"page\">\n\t\t\t\t<div class=\"elementor-element elementor-element-8dbdfce e-flex e-con-boxed e-con e-parent\" data-id=\"8dbdfce\" data-element_type=\"container\" data-e-type=\"container\">\n\t\t\t\t\t<div class=\"e-con-inner\">\n\t\t\t\t<div class=\"elementor-element elementor-element-10491df elementor-widget elementor-widget-spacer\" data-id=\"10491df\" data-element_type=\"widget\" data-e-type=\"widget\" data-widget_type=\"spacer.default\">\n\t\t\t\t\t\t\t<div class=\"elementor-spacer\">\n\t\t\t<div class=\"elementor-spacer-inner\"><\/div>\n\t\t<\/div>\n\t\t\t\t\t\t<\/div>\n\t\t\t\t\t<\/div>\n\t\t\t\t<\/div>\n\t\t<div class=\"elementor-element elementor-element-4987a8d e-grid e-con-boxed e-con e-parent\" data-id=\"4987a8d\" data-element_type=\"container\" data-e-type=\"container\">\n\t\t\t\t\t<div class=\"e-con-inner\">\n\t\t\t\t<div class=\"elementor-element elementor-element-5516627 elementor-widget elementor-widget-image\" data-id=\"5516627\" data-element_type=\"widget\" data-e-type=\"widget\" data-widget_type=\"image.default\">\n\t\t\t\t\t\t\t\t\t\t\t\t\t\t\t<img fetchpriority=\"high\" decoding=\"async\" width=\"800\" height=\"1000\" src=\"https:\/\/motspourmaux.be\/wp-content\/uploads\/2026\/02\/CARRE1-819x1024.png\" class=\"attachment-large size-large wp-image-82\" alt=\"\" srcset=\"https:\/\/motspourmaux.be\/wp-content\/uploads\/2026\/02\/CARRE1-819x1024.png 819w, https:\/\/motspourmaux.be\/wp-content\/uploads\/2026\/02\/CARRE1-240x300.png 240w, https:\/\/motspourmaux.be\/wp-content\/uploads\/2026\/02\/CARRE1-768x960.png 768w, https:\/\/motspourmaux.be\/wp-content\/uploads\/2026\/02\/CARRE1.png 1080w\" sizes=\"(max-width: 800px) 100vw, 800px\" \/>\t\t\t\t\t\t\t\t\t\t\t\t\t\t\t<\/div>\n\t\t\t\t<div class=\"elementor-element elementor-element-e16547e elementor-widget elementor-widget-image\" data-id=\"e16547e\" data-element_type=\"widget\" data-e-type=\"widget\" data-widget_type=\"image.default\">\n\t\t\t\t\t\t\t\t\t\t\t\t\t\t\t<img decoding=\"async\" width=\"800\" height=\"1000\" src=\"https:\/\/motspourmaux.be\/wp-content\/uploads\/2026\/02\/CARRE2-819x1024.png\" class=\"attachment-large size-large wp-image-83\" alt=\"\" srcset=\"https:\/\/motspourmaux.be\/wp-content\/uploads\/2026\/02\/CARRE2-819x1024.png 819w, https:\/\/motspourmaux.be\/wp-content\/uploads\/2026\/02\/CARRE2-240x300.png 240w, https:\/\/motspourmaux.be\/wp-content\/uploads\/2026\/02\/CARRE2-768x960.png 768w, https:\/\/motspourmaux.be\/wp-content\/uploads\/2026\/02\/CARRE2.png 1080w\" sizes=\"(max-width: 800px) 100vw, 800px\" \/>\t\t\t\t\t\t\t\t\t\t\t\t\t\t\t<\/div>\n\t\t\t\t<div class=\"elementor-element elementor-element-4c08c66 elementor-widget elementor-widget-image\" data-id=\"4c08c66\" data-element_type=\"widget\" data-e-type=\"widget\" data-widget_type=\"image.default\">\n\t\t\t\t\t\t\t\t\t\t\t\t\t\t\t<img decoding=\"async\" width=\"800\" height=\"1000\" src=\"https:\/\/motspourmaux.be\/wp-content\/uploads\/2026\/02\/CARRE3-819x1024.png\" class=\"attachment-large size-large wp-image-84\" alt=\"\" srcset=\"https:\/\/motspourmaux.be\/wp-content\/uploads\/2026\/02\/CARRE3-819x1024.png 819w, https:\/\/motspourmaux.be\/wp-content\/uploads\/2026\/02\/CARRE3-240x300.png 240w, https:\/\/motspourmaux.be\/wp-content\/uploads\/2026\/02\/CARRE3-768x960.png 768w, https:\/\/motspourmaux.be\/wp-content\/uploads\/2026\/02\/CARRE3.png 1080w\" sizes=\"(max-width: 800px) 100vw, 800px\" \/>\t\t\t\t\t\t\t\t\t\t\t\t\t\t\t<\/div>\n\t\t\t\t<div class=\"elementor-element elementor-element-e029c5f elementor-widget__width-inherit elementor-widget elementor-widget-image\" data-id=\"e029c5f\" data-element_type=\"widget\" data-e-type=\"widget\" data-widget_type=\"image.default\">\n\t\t\t\t\t\t\t\t\t\t\t\t\t\t\t<img loading=\"lazy\" decoding=\"async\" width=\"800\" height=\"500\" src=\"https:\/\/motspourmaux.be\/wp-content\/uploads\/2026\/02\/CARRE4-1-1024x640.png\" class=\"attachment-large size-large wp-image-86\" alt=\"\" srcset=\"https:\/\/motspourmaux.be\/wp-content\/uploads\/2026\/02\/CARRE4-1-1024x640.png 1024w, https:\/\/motspourmaux.be\/wp-content\/uploads\/2026\/02\/CARRE4-1-300x188.png 300w, https:\/\/motspourmaux.be\/wp-content\/uploads\/2026\/02\/CARRE4-1-768x480.png 768w, https:\/\/motspourmaux.be\/wp-content\/uploads\/2026\/02\/CARRE4-1-1536x960.png 1536w, https:\/\/motspourmaux.be\/wp-content\/uploads\/2026\/02\/CARRE4-1-2048x1280.png 2048w\" sizes=\"(max-width: 800px) 100vw, 800px\" \/>\t\t\t\t\t\t\t\t\t\t\t\t\t\t\t<\/div>\n\t\t\t\t<div class=\"elementor-element elementor-element-e33fc7a elementor-widget__width-inherit elementor-widget elementor-widget-image\" data-id=\"e33fc7a\" data-element_type=\"widget\" data-e-type=\"widget\" data-widget_type=\"image.default\">\n\t\t\t\t\t\t\t\t\t\t\t\t\t\t\t<img loading=\"lazy\" decoding=\"async\" width=\"800\" height=\"1000\" src=\"https:\/\/motspourmaux.be\/wp-content\/uploads\/2026\/02\/CARRE5-819x1024.png\" class=\"attachment-large size-large wp-image-87\" alt=\"\" srcset=\"https:\/\/motspourmaux.be\/wp-content\/uploads\/2026\/02\/CARRE5-819x1024.png 819w, https:\/\/motspourmaux.be\/wp-content\/uploads\/2026\/02\/CARRE5-240x300.png 240w, https:\/\/motspourmaux.be\/wp-content\/uploads\/2026\/02\/CARRE5-768x960.png 768w, https:\/\/motspourmaux.be\/wp-content\/uploads\/2026\/02\/CARRE5.png 1080w\" sizes=\"(max-width: 800px) 100vw, 800px\" \/>\t\t\t\t\t\t\t\t\t\t\t\t\t\t\t<\/div>\n\t\t\t\t<div class=\"elementor-element elementor-element-e055a86 elementor-widget elementor-widget-image\" data-id=\"e055a86\" data-element_type=\"widget\" data-e-type=\"widget\" data-widget_type=\"image.default\">\n\t\t\t\t\t\t\t\t\t\t\t\t\t\t\t<img loading=\"lazy\" decoding=\"async\" width=\"800\" height=\"1000\" src=\"https:\/\/motspourmaux.be\/wp-content\/uploads\/2026\/02\/CARRE6-819x1024.png\" class=\"attachment-large size-large wp-image-88\" alt=\"\" srcset=\"https:\/\/motspourmaux.be\/wp-content\/uploads\/2026\/02\/CARRE6-819x1024.png 819w, https:\/\/motspourmaux.be\/wp-content\/uploads\/2026\/02\/CARRE6-240x300.png 240w, https:\/\/motspourmaux.be\/wp-content\/uploads\/2026\/02\/CARRE6-768x960.png 768w, https:\/\/motspourmaux.be\/wp-content\/uploads\/2026\/02\/CARRE6.png 1080w\" sizes=\"(max-width: 800px) 100vw, 800px\" \/>\t\t\t\t\t\t\t\t\t\t\t\t\t\t\t<\/div>\n\t\t\t\t<div class=\"elementor-element elementor-element-16bacb5 elementor-widget elementor-widget-image\" data-id=\"16bacb5\" data-element_type=\"widget\" data-e-type=\"widget\" data-widget_type=\"image.default\">\n\t\t\t\t\t\t\t\t\t\t\t\t\t\t\t<img loading=\"lazy\" decoding=\"async\" width=\"800\" height=\"1000\" src=\"https:\/\/motspourmaux.be\/wp-content\/uploads\/2026\/02\/CARRE7-819x1024.png\" class=\"attachment-large size-large wp-image-89\" alt=\"\" srcset=\"https:\/\/motspourmaux.be\/wp-content\/uploads\/2026\/02\/CARRE7-819x1024.png 819w, https:\/\/motspourmaux.be\/wp-content\/uploads\/2026\/02\/CARRE7-240x300.png 240w, https:\/\/motspourmaux.be\/wp-content\/uploads\/2026\/02\/CARRE7-768x960.png 768w, https:\/\/motspourmaux.be\/wp-content\/uploads\/2026\/02\/CARRE7.png 1080w\" sizes=\"(max-width: 800px) 100vw, 800px\" \/>\t\t\t\t\t\t\t\t\t\t\t\t\t\t\t<\/div>\n\t\t\t\t<div class=\"elementor-element elementor-element-8a2a73a elementor-widget elementor-widget-image\" data-id=\"8a2a73a\" data-element_type=\"widget\" data-e-type=\"widget\" data-widget_type=\"image.default\">\n\t\t\t\t\t\t\t\t\t\t\t\t\t\t\t<img loading=\"lazy\" decoding=\"async\" width=\"800\" height=\"1000\" src=\"https:\/\/motspourmaux.be\/wp-content\/uploads\/2026\/02\/CARRE8-819x1024.png\" class=\"attachment-large size-large wp-image-90\" alt=\"\" srcset=\"https:\/\/motspourmaux.be\/wp-content\/uploads\/2026\/02\/CARRE8-819x1024.png 819w, https:\/\/motspourmaux.be\/wp-content\/uploads\/2026\/02\/CARRE8-240x300.png 240w, https:\/\/motspourmaux.be\/wp-content\/uploads\/2026\/02\/CARRE8-768x960.png 768w, https:\/\/motspourmaux.be\/wp-content\/uploads\/2026\/02\/CARRE8.png 1080w\" sizes=\"(max-width: 800px) 100vw, 800px\" \/>\t\t\t\t\t\t\t\t\t\t\t\t\t\t\t<\/div>\n\t\t\t\t\t<\/div>\n\t\t\t\t<\/div>\n\t\t<div class=\"elementor-element elementor-element-c865f82 e-flex e-con-boxed e-con e-parent\" data-id=\"c865f82\" data-element_type=\"container\" data-e-type=\"container\">\n\t\t\t\t\t<div class=\"e-con-inner\">\n\t\t\t\t<div class=\"elementor-element elementor-element-3dc7f45 elementor-widget elementor-widget-spacer\" data-id=\"3dc7f45\" data-element_type=\"widget\" data-e-type=\"widget\" data-widget_type=\"spacer.default\">\n\t\t\t\t\t\t\t<div class=\"elementor-spacer\">\n\t\t\t<div class=\"elementor-spacer-inner\"><\/div>\n\t\t<\/div>\n\t\t\t\t\t\t<\/div>\n\t\t\t\t\t<\/div>\n\t\t\t\t<\/div>\n\t\t<div class=\"elementor-element elementor-element-21c3c03 e-flex e-con-boxed e-con e-parent\" data-id=\"21c3c03\" data-element_type=\"container\" data-e-type=\"container\" data-settings=\"{&quot;background_background&quot;:&quot;classic&quot;,&quot;shape_divider_top&quot;:&quot;waves&quot;}\">\n\t\t\t\t\t<div class=\"e-con-inner\">\n\t\t\t\t<div class=\"elementor-shape elementor-shape-top\" aria-hidden=\"true\" data-negative=\"false\">\n\t\t\t<svg xmlns=\"http:\/\/www.w3.org\/2000\/svg\" viewBox=\"0 0 1000 100\" preserveAspectRatio=\"none\">\n\t<path class=\"elementor-shape-fill\" d=\"M421.9,6.5c22.6-2.5,51.5,0.4,75.5,5.3c23.6,4.9,70.9,23.5,100.5,35.7c75.8,32.2,133.7,44.5,192.6,49.7\n\tc23.6,2.1,48.7,3.5,103.4-2.5c54.7-6,106.2-25.6,106.2-25.6V0H0v30.3c0,0,72,32.6,158.4,30.5c39.2-0.7,92.8-6.7,134-22.4\n\tc21.2-8.1,52.2-18.2,79.7-24.2C399.3,7.9,411.6,7.5,421.9,6.5z\"\/>\n<\/svg>\t\t<\/div>\n\t\t\t\t\t<\/div>\n\t\t\t\t<\/div>\n\t\t<div class=\"elementor-element elementor-element-297d3b5 e-flex e-con-boxed e-con e-parent\" data-id=\"297d3b5\" data-element_type=\"container\" data-e-type=\"container\" data-settings=\"{&quot;background_background&quot;:&quot;classic&quot;}\">\n\t\t\t\t\t<div class=\"e-con-inner\">\n\t\t\t\t<div class=\"elementor-element elementor-element-d1e624d elementor-widget elementor-widget-spacer\" data-id=\"d1e624d\" data-element_type=\"widget\" data-e-type=\"widget\" data-widget_type=\"spacer.default\">\n\t\t\t\t\t\t\t<div class=\"elementor-spacer\">\n\t\t\t<div class=\"elementor-spacer-inner\"><\/div>\n\t\t<\/div>\n\t\t\t\t\t\t<\/div>\n\t\t\t\t\t<\/div>\n\t\t\t\t<\/div>\n\t\t<div class=\"elementor-element elementor-element-2c02bae e-flex e-con-boxed e-con e-parent\" data-id=\"2c02bae\" data-element_type=\"container\" data-e-type=\"container\" data-settings=\"{&quot;background_background&quot;:&quot;classic&quot;}\">\n\t\t\t\t\t<div class=\"e-con-inner\">\n\t\t<div class=\"elementor-element elementor-element-0c3440c e-con-full e-flex e-con e-child\" data-id=\"0c3440c\" data-element_type=\"container\" data-e-type=\"container\">\n\t\t\t\t<div class=\"elementor-element elementor-element-861b274 elementor-widget elementor-widget-text-editor\" data-id=\"861b274\" data-element_type=\"widget\" data-e-type=\"widget\" data-widget_type=\"text-editor.default\">\n\t\t\t\t\t\t\t\t\t<p class=\"p1\">Ici, on transforme ce qui fait mal en quelque chose qui lib\u00e8re.<br \/>On vide ce qu\u2019on a dans le c\u0153ur, on \u00e9crit ce qu\u2019on n\u2019a jamais dit, on met des mots sur ce qu\u2019on a travers\u00e9\u2026 et surtout, on avance.<\/p><p class=\"p1\">Quand on ne sait plus o\u00f9 aller, la seule solution est parfois de prendre de la hauteur.<br \/>\u00c9crire nous le permet : prendre du recul sur nos vies, nos pens\u00e9es, nos sch\u00e9mas.<br \/>L\u2019\u00e9criture devient un outil pour comprendre, se lib\u00e9rer et avancer.<\/p><p class=\"p1\">Il ne s\u2019agit pas d\u2019une th\u00e9rapie, ni d\u2019une promesse miracle.<br \/>C\u2019est un espace safe et bienveillant, o\u00f9 l\u2019\u00e9criture est utilis\u00e9e pour nous aider \u00e0 traverser certaines p\u00e9riodes de la vie.<br \/>Pas besoin d\u2019avoir l\u2019habitude d\u2019\u00e9crire, pas de projet litt\u00e9raire ici : simplement un groupe d\u2019\u00e9criture, un temps pour soi, o\u00f9 l\u2019on prend le temps d\u2019\u00e9crire.<\/p><p class=\"p1\">L\u2019\u00e9criture devient alors un espace.<br \/>Un souffle.<br \/>Un moment \u00e0 soi.<\/p><p class=\"p1\">Cet atelier s\u2019adresse aux personnes traversant une p\u00e9riode de transition : rupture, deuil, changement de vie, remise en question, passage d\u00e9licat.<br \/>L\u2019\u00e9criture est propos\u00e9e comme un lieu pour d\u00e9poser ce qui p\u00e8se, traverser ce qui bouleverse, transformer ce qui fait mal.<\/p><p class=\"p1\">Un atelier d\u2019\u00e9criture ouvert \u00e0 tous, moderne, safe et bienveillant,<br \/>pour remettre de la clart\u00e9, de la douceur<br \/>et un peu de glow dans le chaos.<\/p>\t\t\t\t\t\t\t\t<\/div>\n\t\t<div class=\"elementor-element elementor-element-1266691 e-con-full e-flex e-con e-child\" data-id=\"1266691\" data-element_type=\"container\" data-e-type=\"container\">\n\t\t\t\t<\/div>\n\t\t\t\t<\/div>\n\t\t\t\t\t<\/div>\n\t\t\t\t<\/div>\n\t\t<div class=\"elementor-element elementor-element-92b92c5 e-flex e-con-boxed e-con e-parent\" data-id=\"92b92c5\" data-element_type=\"container\" data-e-type=\"container\" data-settings=\"{&quot;background_background&quot;:&quot;classic&quot;}\">\n\t\t\t\t\t<div class=\"e-con-inner\">\n\t\t\t\t<div class=\"elementor-element elementor-element-ee51afe elementor-widget elementor-widget-spacer\" data-id=\"ee51afe\" data-element_type=\"widget\" data-e-type=\"widget\" data-widget_type=\"spacer.default\">\n\t\t\t\t\t\t\t<div class=\"elementor-spacer\">\n\t\t\t<div class=\"elementor-spacer-inner\"><\/div>\n\t\t<\/div>\n\t\t\t\t\t\t<\/div>\n\t\t\t\t\t<\/div>\n\t\t\t\t<\/div>\n\t\t<div class=\"elementor-element elementor-element-a32de64 e-flex e-con-boxed e-con e-parent\" data-id=\"a32de64\" data-element_type=\"container\" data-e-type=\"container\">\n\t\t\t\t\t<div class=\"e-con-inner\">\n\t\t\t\t<div class=\"elementor-element elementor-element-8a78229 elementor-widget elementor-widget-spacer\" data-id=\"8a78229\" data-element_type=\"widget\" data-e-type=\"widget\" data-widget_type=\"spacer.default\">\n\t\t\t\t\t\t\t<div class=\"elementor-spacer\">\n\t\t\t<div class=\"elementor-spacer-inner\"><\/div>\n\t\t<\/div>\n\t\t\t\t\t\t<\/div>\n\t\t\t\t\t<\/div>\n\t\t\t\t<\/div>\n\t\t<div class=\"elementor-element elementor-element-ea89b3a e-flex e-con-boxed e-con e-parent\" data-id=\"ea89b3a\" data-element_type=\"container\" data-e-type=\"container\">\n\t\t\t\t\t<div class=\"e-con-inner\">\n\t\t\t\t<div class=\"elementor-element elementor-element-01950b3 elementor-align-center elementor-widget elementor-widget-button\" data-id=\"01950b3\" data-element_type=\"widget\" data-e-type=\"widget\" data-widget_type=\"button.default\">\n\t\t\t\t\t\t\t\t\t\t<a class=\"elementor-button elementor-button-link elementor-size-sm\" href=\"#\">\n\t\t\t\t\t\t<span class=\"elementor-button-content-wrapper\">\n\t\t\t\t\t\t<span class=\"elementor-button-icon\">\n\t\t\t\t<svg aria-hidden=\"true\" class=\"e-font-icon-svg e-fas-pen\" viewBox=\"0 0 512 512\" xmlns=\"http:\/\/www.w3.org\/2000\/svg\"><path d=\"M290.74 93.24l128.02 128.02-277.99 277.99-114.14 12.6C11.35 513.54-1.56 500.62.14 485.34l12.7-114.22 277.9-277.88zm207.2-19.06l-60.11-60.11c-18.75-18.75-49.16-18.75-67.91 0l-56.55 56.55 128.02 128.02 56.55-56.55c18.75-18.76 18.75-49.16 0-67.91z\"><\/path><\/svg>\t\t\t<\/span>\n\t\t\t\t\t\t\t\t\t<span class=\"elementor-button-text\">Rejoindre un atelier<\/span>\n\t\t\t\t\t<\/span>\n\t\t\t\t\t<\/a>\n\t\t\t\t\t\t\t\t<\/div>\n\t\t\t\t\t<\/div>\n\t\t\t\t<\/div>\n\t\t<div class=\"elementor-element elementor-element-cee7a2a e-flex e-con-boxed e-con e-parent\" data-id=\"cee7a2a\" data-element_type=\"container\" data-e-type=\"container\">\n\t\t\t\t\t<div class=\"e-con-inner\">\n\t\t\t\t<div class=\"elementor-element elementor-element-1583544 elementor-widget elementor-widget-spacer\" data-id=\"1583544\" data-element_type=\"widget\" data-e-type=\"widget\" data-widget_type=\"spacer.default\">\n\t\t\t\t\t\t\t<div class=\"elementor-spacer\">\n\t\t\t<div class=\"elementor-spacer-inner\"><\/div>\n\t\t<\/div>\n\t\t\t\t\t\t<\/div>\n\t\t\t\t\t<\/div>\n\t\t\t\t<\/div>\n\t\t\t\t<\/div>\n\t\t","protected":false},"excerpt":{"rendered":"<p>Ici, on transforme ce qui fait mal en quelque chose qui lib\u00e8re.On vide ce qu\u2019on a dans le c\u0153ur, on \u00e9crit ce qu\u2019on n\u2019a jamais dit, on met des mots sur ce qu\u2019on a travers\u00e9\u2026 et surtout, on avance. Quand on ne sait plus o\u00f9 aller, la seule solution est parfois de prendre de la [&hellip;]<\/p>\n","protected":false},"author":1,"featured_media":0,"parent":0,"menu_order":0,"comment_status":"closed","ping_status":"closed","template":"elementor_header_footer","meta":{"footnotes":""},"class_list":["post-80","page","type-page","status-publish","hentry"],"_links":{"self":[{"href":"https:\/\/motspourmaux.be\/index.php\/wp-json\/wp\/v2\/pages\/80","targetHints":{"allow":["GET"]}}],"collection":[{"href":"https:\/\/motspourmaux.be\/index.php\/wp-json\/wp\/v2\/pages"}],"about":[{"href":"https:\/\/motspourmaux.be\/index.php\/wp-json\/wp\/v2\/types\/page"}],"author":[{"embeddable":true,"href":"https:\/\/motspourmaux.be\/index.php\/wp-json\/wp\/v2\/users\/1"}],"replies":[{"embeddable":true,"href":"https:\/\/motspourmaux.be\/index.php\/wp-json\/wp\/v2\/comments?post=80"}],"version-history":[{"count":39,"href":"https:\/\/motspourmaux.be\/index.php\/wp-json\/wp\/v2\/pages\/80\/revisions"}],"predecessor-version":[{"id":203,"href":"https:\/\/motspourmaux.be\/index.php\/wp-json\/wp\/v2\/pages\/80\/revisions\/203"}],"wp:attachment":[{"href":"https:\/\/motspourmaux.be\/index.php\/wp-json\/wp\/v2\/media?parent=80"}],"curies":[{"name":"wp","href":"https:\/\/api.w.org\/{rel}","templated":true}]}}